{"id":7,"date":"2025-01-14T11:07:59","date_gmt":"2025-01-14T11:07:59","guid":{"rendered":"https:\/\/riphome.com.ar\/?page_id=7"},"modified":"2025-01-14T11:07:59","modified_gmt":"2025-01-14T11:07:59","slug":"contacto","status":"publish","type":"page","link":"https:\/\/riphome.com.ar\/index.php\/contacto\/","title":{"rendered":"Contacto"},"content":{"rendered":"<div id=\"cscf\" class=\"cscfBlock\">\t<div class=\"cscfMessageSent\" style=\"display:none;\">\t\t<h3>Mensaje enviado<\/h3><p>Gracias por su mensaje, nos pondremos en contacto a la brevedad. <\/p>\t<\/div>\t<div class=\"cscfMessageNotSent\" style=\"display:none;\">\t\t<p>Lo sentimos, ha habido un error. Tu mensaje no se ha enviado.<\/p>\t<\/div>\t<div class=\"cscfForm\">\t\t<p>Ingresa tus datos de contacto, un mensaje corto abajo y lo contestaremos lo m\u00e1s pronto posible.<\/p>\t\t<form role=\"form\" id=\"frmCSCF\" name=\"frmCSCF\" method=\"post\">\t\t\t<input type=\"hidden\" id=\"cscf_nonce\" name=\"cscf_nonce\" value=\"a07174cd71\" \/><input type=\"hidden\" name=\"_wp_http_referer\" value=\"\/index.php\/wp-json\/wp\/v2\/pages\/7\" \/>\t\t\t<input type=\"hidden\" name=\"post-id\" value=\"7\">\t\t\t\t\t\t<!-- name -->\t\t\t<div class=\"control-group form-group\">\t\t\t\t<label for=\"cscf_name\">Nombre:<\/label>\t\t\t\t<div class=\"\">\t\t\t\t\t\t\t\t\t\t<input class=\"form-control input-xlarge\"\t\t\t\t\t       data-rule-required=\"true\"\t\t\t\t\t       data-msg-required=\"Porfavor ingresa tu nombre.\"\t\t\t\t\t       type=\"text\" id=\"cscf_name\" name=\"cscf[name]\"\t\t\t\t\t       value=\"\"\t\t\t\t\t       placeholder=\"Tu Nombre:\"\t\t\t\t\t\t\/>\t\t\t\t<\/div>                <span for=\"cscf_name\" class=\"help-inline help-block error\"                      style=\"display:none;\">                                    <\/span>\t\t\t<\/div>\t\t\t<!--email address-->\t\t\t<div class=\"control-group form-group\">\t\t\t\t<label for=\"cscf_email\">Direcci\u00f3n de correo electr\u00f3nico:<\/label>\t\t\t\t<div class=\"\">\t\t\t\t\t\t\t\t\t\t<input class=\"form-control input-xlarge\"\t\t\t\t\t       data-rule-required=\"true\"\t\t\t\t\t       data-rule-email=\"true\"\t\t\t\t\t       data-msg-required=\"Por favor ingresa tu correo electr\u00f3nico\"\t\t\t\t\t       data-msg-email=\"Por favor ingresa una direcci\u00f3n de correo electr\u00f3nico v\u00e1lida.\"\t\t\t\t\t       type=\"email\" id=\"cscf_email\" name=\"cscf[email]\"\t\t\t\t\t       value=\"\"\t\t\t\t\t       placeholder=\"Tu direcci\u00f3n de correo electr\u00f3nico:\"\t\t\t\t\t\t\/>\t\t\t\t<\/div>                <span for=\"cscf_email\" class=\"help-inline help-block error\"                      style=\"display:none;\">                                    <\/span>\t\t\t<\/div>\t\t\t\t\t\t\t<!--confirm email address -->\t\t\t\t<div class=\"control-group form-group\">\t\t\t\t\t<label for=\"cscf_confirm-email\">Confirma tu direcci\u00f3n de correo electr\u00f3nico:<\/label>\t\t\t\t\t<div class=\"\">\t\t\t\t\t\t\t\t\t\t\t\t<input class=\"form-control input-xlarge\"\t\t\t\t\t\t       data-rule-required=\"true\"\t\t\t\t\t\t       data-rule-email=\"true\"\t\t\t\t\t\t       data-rule-equalTo=\"#cscf_email\"\t\t\t\t\t\t       data-msg-required=\"Por favor ingresa la misma direcci\u00f3n de correo electr\u00f3nico de nuevo.\"\t\t\t\t\t\t       data-msg-email=\"Por favor ingresa una direcci\u00f3n de correo electr\u00f3nico v\u00e1lida.\"\t\t\t\t\t\t       data-msg-equalTo=\"Por favor ingresa la misma direcci\u00f3n de correo electr\u00f3nico de nuevo.\"\t\t\t\t\t\t       type=\"email\" id=\"cscf_confirm-email\" name=\"cscf[confirm-email]\"\t\t\t\t\t\t       value=\"\"\t\t\t\t\t\t       placeholder=\"Confirma tu direcci\u00f3n de correo electr\u00f3nico\"\t\t\t\t\t\t\t\/>\t\t\t\t\t<\/div>                <span for=\"cscf_confirm-email\" class=\"help-inline help-block error\"                      style=\"display:none;\">                                    <\/span>\t\t\t\t<\/div>\t\t\t\t\t\t<!-- message -->\t\t\t<div class=\"control-group form-group\">\t\t\t\t<label for=\"cscf_message\">Mensaje:<\/label>\t\t\t\t<div class=\"\">\t\t\t\t\t\t\t\t\t\t<textarea class=\"form-control input-xlarge\"\t\t\t\t\t          data-rule-required=\"true\"\t\t\t\t\t          data-msg-required=\"Por favor ingresa un mensaje.\"\t\t\t\t\t          id=\"cscf_message\" name=\"cscf[message]\" rows=\"10\"\t\t\t\t\t          placeholder=\"Tu Mensaje\"><\/textarea>\t\t\t\t<\/div>\t\t\t\t\t<span for=\"cscf_message\" class=\"help-inline help-block error\"\t\t\t\t\t      style=\"display:none;\">                                    <\/span>\t\t\t<\/div>\t\t\t\t\t\t\t\t\t<!-- recaptcha -->\t\t\t\t\t\t\t<div class=\"control-group form-group\">\t\t\t\t\t<div id=\"recaptcha_div\">\t\t\t\t\t\t<div class=\"g-recaptcha\" data-theme=\"light\"\t\t\t\t\t\t     data-sitekey=\"6LcTPbcqAAAAALspqOjns52X6J4wVdDoUNTRSeCR\"><\/div>\t\t\t\t\t\t<div for=\"cscf_recaptcha\"\t\t\t\t\t\t     class=\"help-block has-error error\"><\/div>\t\t\t\t\t\t<noscript>\t\t\t\t\t\t\t<div style=\"width: 302px; height: 422px;\">\t\t\t\t\t\t\t\t<div style=\"width: 302px; height: 422px; position: relative;\">\t\t\t\t\t\t\t\t\t<div style=\"width: 302px; height: 422px; position: absolute;\">\t\t\t\t\t\t\t\t\t\t<iframe\t\t\t\t\t\t\t\t\t\t\tsrc=\"https:\/\/www.google.com\/recaptcha\/api\/fallback?k=6LcTPbcqAAAAALspqOjns52X6J4wVdDoUNTRSeCR\"\t\t\t\t\t\t\t\t\t\t\tframeborder=\"0\" scrolling=\"no\"\t\t\t\t\t\t\t\t\t\t\tstyle=\"width: 302px; height:422px; border-style: none;\">\t\t\t\t\t\t\t\t\t\t<\/iframe>\t\t\t\t\t\t\t\t\t<\/div>\t\t\t\t\t\t\t\t\t<div style=\"width: 300px; height: 60px; border-style: none;                  bottom: 12px; left: 25px; margin: 0px; padding: 0px; right: 25px;                  background: #f9f9f9; border: 1px solid #c1c1c1; border-radius: 3px;\">        <textarea id=\"g-recaptcha-response\" name=\"g-recaptcha-response\"                  class=\"g-recaptcha-response\"                  style=\"width: 250px; height: 40px; border: 1px solid #c1c1c1;                         margin: 10px 25px; padding: 0px; resize: none;\">        <\/textarea>\t\t\t\t\t\t\t\t\t<\/div>\t\t\t\t\t\t\t\t<\/div>\t\t\t\t\t\t\t<\/div>\t\t\t\t\t\t<\/noscript>\t\t\t\t\t<\/div>\t\t\t\t<\/div>\t\t\t\t\t\t<input type=\"submit\" id=\"cscf_SubmitButton\" class=\"btn btn-default\" value=\"Enviar mensaje\"\/>\t\t<\/form>\t<\/div><\/div>\n","protected":false},"excerpt":{"rendered":"","protected":false},"author":1,"featured_media":0,"parent":0,"menu_order":0,"comment_status":"closed","ping_status":"closed","template":"","meta":{"footnotes":""},"class_list":["post-7","page","type-page","status-publish","hentry"],"yoast_head":"<!-- This site is optimized with the Yoast SEO plugin v25.8 - https:\/\/yoast.com\/wordpress\/plugins\/seo\/ -->\n<title>Contacto - Tecnolog\u00eda RIP<\/title>\n<meta name=\"robots\" content=\"index, follow, max-snippet:-1, max-image-preview:large, max-video-preview:-1\" \/>\n<link rel=\"canonical\" href=\"https:\/\/riphome.com.ar\/index.php\/contacto\/\" \/>\n<meta property=\"og:locale\" content=\"es_ES\" \/>\n<meta property=\"og:type\" content=\"article\" \/>\n<meta property=\"og:title\" content=\"Contacto - Tecnolog\u00eda RIP\" \/>\n<meta property=\"og:url\" content=\"https:\/\/riphome.com.ar\/index.php\/contacto\/\" \/>\n<meta property=\"og:site_name\" content=\"Tecnolog\u00eda RIP\" \/>\n<meta name=\"twitter:card\" content=\"summary_large_image\" \/>\n<script type=\"application\/ld+json\" class=\"yoast-schema-graph\">{\"@context\":\"https:\/\/schema.org\",\"@graph\":[{\"@type\":\"WebPage\",\"@id\":\"https:\/\/riphome.com.ar\/index.php\/contacto\/\",\"url\":\"https:\/\/riphome.com.ar\/index.php\/contacto\/\",\"name\":\"Contacto - Tecnolog\u00eda RIP\",\"isPartOf\":{\"@id\":\"https:\/\/riphome.com.ar\/#website\"},\"datePublished\":\"2025-01-14T11:07:59+00:00\",\"breadcrumb\":{\"@id\":\"https:\/\/riphome.com.ar\/index.php\/contacto\/#breadcrumb\"},\"inLanguage\":\"es\",\"potentialAction\":[{\"@type\":\"ReadAction\",\"target\":[\"https:\/\/riphome.com.ar\/index.php\/contacto\/\"]}]},{\"@type\":\"BreadcrumbList\",\"@id\":\"https:\/\/riphome.com.ar\/index.php\/contacto\/#breadcrumb\",\"itemListElement\":[{\"@type\":\"ListItem\",\"position\":1,\"name\":\"Portada\",\"item\":\"https:\/\/riphome.com.ar\/\"},{\"@type\":\"ListItem\",\"position\":2,\"name\":\"Contacto\"}]},{\"@type\":\"WebSite\",\"@id\":\"https:\/\/riphome.com.ar\/#website\",\"url\":\"https:\/\/riphome.com.ar\/\",\"name\":\"Tecnolog\u00eda RIP\",\"description\":\"Steel framing\",\"potentialAction\":[{\"@type\":\"SearchAction\",\"target\":{\"@type\":\"EntryPoint\",\"urlTemplate\":\"https:\/\/riphome.com.ar\/?s={search_term_string}\"},\"query-input\":{\"@type\":\"PropertyValueSpecification\",\"valueRequired\":true,\"valueName\":\"search_term_string\"}}],\"inLanguage\":\"es\"}]}<\/script>\n<!-- \/ Yoast SEO plugin. -->","yoast_head_json":{"title":"Contacto - Tecnolog\u00eda RIP","robots":{"index":"index","follow":"follow","max-snippet":"max-snippet:-1","max-image-preview":"max-image-preview:large","max-video-preview":"max-video-preview:-1"},"canonical":"https:\/\/riphome.com.ar\/index.php\/contacto\/","og_locale":"es_ES","og_type":"article","og_title":"Contacto - Tecnolog\u00eda RIP","og_url":"https:\/\/riphome.com.ar\/index.php\/contacto\/","og_site_name":"Tecnolog\u00eda RIP","twitter_card":"summary_large_image","schema":{"@context":"https:\/\/schema.org","@graph":[{"@type":"WebPage","@id":"https:\/\/riphome.com.ar\/index.php\/contacto\/","url":"https:\/\/riphome.com.ar\/index.php\/contacto\/","name":"Contacto - Tecnolog\u00eda RIP","isPartOf":{"@id":"https:\/\/riphome.com.ar\/#website"},"datePublished":"2025-01-14T11:07:59+00:00","breadcrumb":{"@id":"https:\/\/riphome.com.ar\/index.php\/contacto\/#breadcrumb"},"inLanguage":"es","potentialAction":[{"@type":"ReadAction","target":["https:\/\/riphome.com.ar\/index.php\/contacto\/"]}]},{"@type":"BreadcrumbList","@id":"https:\/\/riphome.com.ar\/index.php\/contacto\/#breadcrumb","itemListElement":[{"@type":"ListItem","position":1,"name":"Portada","item":"https:\/\/riphome.com.ar\/"},{"@type":"ListItem","position":2,"name":"Contacto"}]},{"@type":"WebSite","@id":"https:\/\/riphome.com.ar\/#website","url":"https:\/\/riphome.com.ar\/","name":"Tecnolog\u00eda RIP","description":"Steel framing","potentialAction":[{"@type":"SearchAction","target":{"@type":"EntryPoint","urlTemplate":"https:\/\/riphome.com.ar\/?s={search_term_string}"},"query-input":{"@type":"PropertyValueSpecification","valueRequired":true,"valueName":"search_term_string"}}],"inLanguage":"es"}]}},"_links":{"self":[{"href":"https:\/\/riphome.com.ar\/index.php\/wp-json\/wp\/v2\/pages\/7","targetHints":{"allow":["GET"]}}],"collection":[{"href":"https:\/\/riphome.com.ar\/index.php\/wp-json\/wp\/v2\/pages"}],"about":[{"href":"https:\/\/riphome.com.ar\/index.php\/wp-json\/wp\/v2\/types\/page"}],"author":[{"embeddable":true,"href":"https:\/\/riphome.com.ar\/index.php\/wp-json\/wp\/v2\/users\/1"}],"replies":[{"embeddable":true,"href":"https:\/\/riphome.com.ar\/index.php\/wp-json\/wp\/v2\/comments?post=7"}],"version-history":[{"count":1,"href":"https:\/\/riphome.com.ar\/index.php\/wp-json\/wp\/v2\/pages\/7\/revisions"}],"predecessor-version":[{"id":9,"href":"https:\/\/riphome.com.ar\/index.php\/wp-json\/wp\/v2\/pages\/7\/revisions\/9"}],"wp:attachment":[{"href":"https:\/\/riphome.com.ar\/index.php\/wp-json\/wp\/v2\/media?parent=7"}],"curies":[{"name":"wp","href":"https:\/\/api.w.org\/{rel}","templated":true}]}}