{"id":334,"date":"2025-09-05T00:43:36","date_gmt":"2025-09-05T00:43:36","guid":{"rendered":"https:\/\/riphome.com.ar\/?page_id=334"},"modified":"2025-09-07T23:44:59","modified_gmt":"2025-09-07T23:44:59","slug":"quienes-somos","status":"publish","type":"page","link":"https:\/\/riphome.com.ar\/index.php\/quienes-somos\/","title":{"rendered":"Empresa"},"content":{"rendered":"\n<div class=\"wp-block-columns is-layout-flex wp-container-core-columns-is-layout-28f84493 wp-block-columns-is-layout-flex\">\n<div class=\"wp-block-column is-layout-flow wp-block-column-is-layout-flow\" style=\"flex-basis:33.33%\">\n<figure class=\"wp-block-image size-large\"><img loading=\"lazy\" decoding=\"async\" width=\"1024\" height=\"683\" src=\"https:\/\/riphome.com.ar\/wp-content\/uploads\/2025\/08\/foto1-1024x683.jpeg\" alt=\"\" class=\"wp-image-147\" srcset=\"https:\/\/riphome.com.ar\/wp-content\/uploads\/2025\/08\/foto1-1024x683.jpeg 1024w, https:\/\/riphome.com.ar\/wp-content\/uploads\/2025\/08\/foto1-300x200.jpeg 300w, https:\/\/riphome.com.ar\/wp-content\/uploads\/2025\/08\/foto1.jpeg 1280w\" sizes=\"auto, (max-width: 1024px) 100vw, 1024px\" \/><\/figure>\n<\/div>\n\n\n\n<div class=\"wp-block-column is-layout-flow wp-block-column-is-layout-flow\" style=\"flex-basis:66.66%\">\n<p class=\"has-medium-font-size\"><strong>RIP HOMES: <em>Respeta, Inspira, Protege<\/em>. <\/strong>En un mundo que exige nuevas formas de habitar, nace una propuesta que combina tecnolog\u00eda, dise\u00f1o y conciencia ambiental. En nuestra empresa creemos que construir no es solo levantar paredes, sino generar espacios que respeten el entorno, inspiren una vida mejor y protejan el futuro.<\/p>\n\n\n\n<p class=\"has-medium-font-size\">Nos dedicamos a desarrollar y vender&nbsp;<strong>viviendas industrializadas en sistema de construcci\u00f3n en seco<\/strong>, donde la eficiencia, la calidad y la sustentabilidad son pilares de cada proyecto. Desde casas modulares hasta soluciones personalizadas, ofrecemos estructuras inteligentes pensadas para durar, adaptarse y convivir en armon\u00eda con la naturaleza.<\/p>\n\n\n\n<p class=\"has-medium-font-size\"><strong>Respeta, Inspira, Protege.<\/strong><br>Este no es solo nuestro lema. Es la forma en la que construimos.<\/p>\n<\/div>\n<\/div>\n\n\n\n<p class=\"has-medium-font-size\"><\/p>\n\n\n\n<div style=\"height:100px\" aria-hidden=\"true\" class=\"wp-block-spacer\"><\/div>\n\n\n\n<p class=\"has-large-font-size\"><strong>Construimos hogares con sentido y&nbsp;con prop\u00f3sito<\/strong><\/p>\n\n\n\n<p>Somos un partner estrategico para industrializar con un sistema constructivo vers\u00e1til y homologodo, reduciendo costes y plazos de fabricaci\u00f3n, y ofreciendo mayor control sobre cada fase del proceso, desde la estructura hasta los acabados.<br>Creamos viviendas pensadas para ser habitadas: funcionales, eficientes y dise\u00f1adas con honestidad. Porque creemos que una vivienda confortable deber\u00eda ser un derecho para todos.<\/p>\n\n\n\n<div style=\"height:44px\" aria-hidden=\"true\" class=\"wp-block-spacer\"><\/div>\n\n\n\n<div class=\"wp-block-columns is-layout-flex wp-container-core-columns-is-layout-28f84493 wp-block-columns-is-layout-flex\">\n<div class=\"wp-block-column is-layout-flow wp-block-column-is-layout-flow\" style=\"flex-basis:66.66%\">\n<figure class=\"wp-block-video\"><video height=\"720\" style=\"aspect-ratio: 1920 \/ 720;\" width=\"1920\" controls src=\"https:\/\/riphome.com.ar\/wp-content\/uploads\/2025\/08\/2024-MODULOR-PARA-WEB_4.mp4\"><\/video><\/figure>\n<\/div>\n\n\n\n<div class=\"wp-block-column is-layout-flow wp-block-column-is-layout-flow\" style=\"flex-basis:33.33%\">\n<p class=\"has-medium-font-size\"><strong>Construcci\u00f3n confiable y eficiente. <\/strong>Construimos con <strong>MODULOR S.A. <\/strong>Empresa dedicada a la construcci\u00f3n modular con sede en Mar del Plata con un planta semi-automatizada fabricantes desde el conformado de los perfiles, y procesamiento de la madera, hasta la inyecci\u00f3n de poliuretano expandido, su ubicaci\u00f3n estrat\u00e9gica en Mar del Plata permite dar un seguimiento constante y asegura su calidad y eficiencia.<\/p>\n<\/div>\n<\/div>\n\n\n\n<div style=\"height:55px\" aria-hidden=\"true\" class=\"wp-block-spacer\"><\/div>\n\n\n\n<p class=\"has-text-align-center\" style=\"font-size:clamp(16.834px, 1.052rem + ((1vw - 3.2px) * 0.811), 26px);\"><strong>Antecedentes y Excelencia:<\/strong><\/p>\n\n\n\n<div class=\"wp-block-columns is-layout-flex wp-container-core-columns-is-layout-28f84493 wp-block-columns-is-layout-flex\">\n<div class=\"wp-block-column is-layout-flow wp-block-column-is-layout-flow\">\n<figure class=\"wp-block-gallery has-nested-images columns-default is-cropped wp-block-gallery-1 is-layout-flex wp-block-gallery-is-layout-flex\">\n<figure class=\"wp-block-image size-large\"><img decoding=\"async\" data-id=\"79\" src=\"https:\/\/riphome.com.ar\/wp-content\/uploads\/2025\/01\/20240102_115025_IMG_4963-1.heic\" alt=\"\" class=\"wp-image-79\"\/><\/figure>\n\n\n\n<figure class=\"wp-block-image size-large\"><img decoding=\"async\" data-id=\"75\" src=\"https:\/\/riphome.com.ar\/wp-content\/uploads\/2025\/01\/20240102_115021_IMG_4960.heic\" alt=\"\" class=\"wp-image-75\"\/><\/figure>\n\n\n\n<figure class=\"wp-block-image size-large\"><img decoding=\"async\" data-id=\"73\" src=\"https:\/\/riphome.com.ar\/wp-content\/uploads\/2025\/01\/20240102_114529_IMG_4958.heic\" alt=\"\" class=\"wp-image-73\"\/><\/figure>\n\n\n\n<figure class=\"wp-block-image size-large\"><img decoding=\"async\" data-id=\"74\" src=\"https:\/\/riphome.com.ar\/wp-content\/uploads\/2025\/01\/20240102_114621_IMG_4959.heic\" alt=\"\" class=\"wp-image-74\"\/><\/figure>\n\n\n\n<figure class=\"wp-block-image size-large\"><img loading=\"lazy\" decoding=\"async\" width=\"1024\" height=\"691\" data-id=\"71\" src=\"https:\/\/riphome.com.ar\/wp-content\/uploads\/2025\/01\/Captura-de-pantalla-2024-12-22-a-las-7.23.27\u202fp.-m-1024x691.png\" alt=\"\" class=\"wp-image-71\" srcset=\"https:\/\/riphome.com.ar\/wp-content\/uploads\/2025\/01\/Captura-de-pantalla-2024-12-22-a-las-7.23.27\u202fp.-m-1024x691.png 1024w, https:\/\/riphome.com.ar\/wp-content\/uploads\/2025\/01\/Captura-de-pantalla-2024-12-22-a-las-7.23.27\u202fp.-m-300x202.png 300w, https:\/\/riphome.com.ar\/wp-content\/uploads\/2025\/01\/Captura-de-pantalla-2024-12-22-a-las-7.23.27\u202fp.-m.png 1606w\" sizes=\"auto, (max-width: 1024px) 100vw, 1024px\" \/><\/figure>\n<\/figure>\n\n\n\n<p class=\"has-medium-font-size\"><strong>Colegio St George&#8217;s College &#8211; Quilmas, Buenos Aires. <\/strong><\/p>\n<\/div>\n\n\n\n<div class=\"wp-block-column is-layout-flow wp-block-column-is-layout-flow\">\n<p class=\"has-medium-font-size\"><\/p>\n\n\n\n<p><strong>MODULOR GRUP LATAM S.A<\/strong>. es una empresa reconocida por desarrollar proyectos de gran porte en los sectores m\u00e1s exigentes y complejos. Nuestra experiencia abarca desde la construcci\u00f3n de colegios privados de nivel internacional y amenities para barrios residenciales de primer nivel, hasta intervenciones en plantas de acero en plena operaci\u00f3n, instalaciones en la industria del petr\u00f3leo y la energ\u00eda, y proyectos de miner\u00eda. En cada obra aplicamos los m\u00e1s altos est\u00e1ndares de control y calidad, asegurando resultados confiables y duraderos.<\/p>\n<\/div>\n<\/div>\n\n\n\n<div style=\"height:100px\" aria-hidden=\"true\" class=\"wp-block-spacer\"><\/div>\n\n\n\n<p class=\"has-text-align-center\" style=\"font-size:clamp(16.834px, 1.052rem + ((1vw - 3.2px) * 0.811), 26px);\">       <strong>Contacto:<\/strong><\/p>\n\n\n\n<div class=\"wp-block-columns is-layout-flex wp-container-core-columns-is-layout-28f84493 wp-block-columns-is-layout-flex\">\n<div class=\"wp-block-column is-layout-flow wp-block-column-is-layout-flow\">\n<figure class=\"wp-block-image alignright size-full is-resized\"><img loading=\"lazy\" decoding=\"async\" width=\"1024\" height=\"1024\" src=\"https:\/\/riphome.com.ar\/wp-content\/uploads\/2025\/08\/logo-riphome.jpeg\" alt=\"\" class=\"wp-image-225\" style=\"width:342px;height:auto\" srcset=\"https:\/\/riphome.com.ar\/wp-content\/uploads\/2025\/08\/logo-riphome.jpeg 1024w, https:\/\/riphome.com.ar\/wp-content\/uploads\/2025\/08\/logo-riphome-300x300.jpeg 300w, https:\/\/riphome.com.ar\/wp-content\/uploads\/2025\/08\/logo-riphome-150x150.jpeg 150w\" sizes=\"auto, (max-width: 1024px) 100vw, 1024px\" \/><\/figure>\n\n\n\n<p style=\"font-size:clamp(15.747px, 0.984rem + ((1vw - 3.2px) * 0.73), 24px);\"><\/p>\n<\/div>\n\n\n\n<div class=\"wp-block-column is-layout-flow wp-block-column-is-layout-flow\">\n<p style=\"font-size:clamp(15.747px, 0.984rem + ((1vw - 3.2px) * 0.73), 24px);\"><strong>RIP HOME <\/strong><\/p>\n\n\n\n<p class=\"has-medium-font-size\">RESPETA INSPIRA PROTEGE<\/p>\n\n\n\n<p>WWW.RIPHOME.COM.AR<\/p>\n\n\n\n<p>FABRICA MODULOR GRUP S.A. &#8211; EDISON 39, MAR DEL PLATA<\/p>\n\n\n\n<p>PROV. BUENOS AIRES, ARGENTINA.<\/p>\n\n\n\n<p>TELEFONO: +54 9 2235 69-8809<\/p>\n\n\n\n<p>CORREO: INFO@RIPHOME.COM.AR<\/p>\n<\/div>\n<\/div>\n\n\n\n<p class=\"has-text-align-center has-medium-font-size\"><\/p>\n\n\n\n<p><\/p>\n","protected":false},"excerpt":{"rendered":"<p>RIP HOMES: Respeta, Inspira, Protege. En un mundo que exige nuevas formas de habitar, nace una propuesta que combina tecnolog\u00eda, dise\u00f1o y conciencia ambiental. En nuestra empresa creemos que construir no es solo levantar paredes, sino generar espacios que respeten el entorno, inspiren una vida mejor y protejan el futuro. Nos dedicamos a desarrollar y &hellip; <\/p>\n<p class=\"link-more\"><a href=\"https:\/\/riphome.com.ar\/index.php\/quienes-somos\/\" class=\"more-link\">Leer m\u00e1s<span class=\"screen-reader-text\"> \u00abEmpresa\u00bb<\/span><\/a><\/p>\n","protected":false},"author":2,"featured_media":0,"parent":0,"menu_order":0,"comment_status":"closed","ping_status":"closed","template":"page-templates\/full-width-builder-bb.php","meta":{"footnotes":""},"class_list":["post-334","page","type-page","status-publish","hentry"],"yoast_head":"<!-- This site is optimized with the Yoast SEO plugin v25.8 - https:\/\/yoast.com\/wordpress\/plugins\/seo\/ -->\n<title>Empresa - Tecnolog\u00eda RIP<\/title>\n<meta name=\"robots\" content=\"index, follow, max-snippet:-1, max-image-preview:large, max-video-preview:-1\" \/>\n<link rel=\"canonical\" href=\"https:\/\/riphome.com.ar\/index.php\/quienes-somos\/\" \/>\n<meta property=\"og:locale\" content=\"es_ES\" \/>\n<meta property=\"og:type\" content=\"article\" \/>\n<meta property=\"og:title\" content=\"Empresa - Tecnolog\u00eda RIP\" \/>\n<meta property=\"og:description\" content=\"RIP HOMES: Respeta, Inspira, Protege. En un mundo que exige nuevas formas de habitar, nace una propuesta que combina tecnolog\u00eda, dise\u00f1o y conciencia ambiental. En nuestra empresa creemos que construir no es solo levantar paredes, sino generar espacios que respeten el entorno, inspiren una vida mejor y protejan el futuro. Nos dedicamos a desarrollar y &hellip; Leer m\u00e1s \u00abEmpresa\u00bb\" \/>\n<meta property=\"og:url\" content=\"https:\/\/riphome.com.ar\/index.php\/quienes-somos\/\" \/>\n<meta property=\"og:site_name\" content=\"Tecnolog\u00eda RIP\" \/>\n<meta property=\"article:modified_time\" content=\"2025-09-07T23:44:59+00:00\" \/>\n<meta property=\"og:image\" content=\"https:\/\/riphome.com.ar\/wp-content\/uploads\/2025\/08\/foto1.jpeg\" \/>\n\t<meta property=\"og:image:width\" content=\"1280\" \/>\n\t<meta property=\"og:image:height\" content=\"854\" \/>\n\t<meta property=\"og:image:type\" content=\"image\/jpeg\" \/>\n<meta name=\"twitter:card\" content=\"summary_large_image\" \/>\n<meta name=\"twitter:label1\" content=\"Tiempo de lectura\" \/>\n\t<meta name=\"twitter:data1\" content=\"4 minutos\" \/>\n<script type=\"application\/ld+json\" class=\"yoast-schema-graph\">{\"@context\":\"https:\/\/schema.org\",\"@graph\":[{\"@type\":\"WebPage\",\"@id\":\"https:\/\/riphome.com.ar\/index.php\/quienes-somos\/\",\"url\":\"https:\/\/riphome.com.ar\/index.php\/quienes-somos\/\",\"name\":\"Empresa - Tecnolog\u00eda RIP\",\"isPartOf\":{\"@id\":\"https:\/\/riphome.com.ar\/#website\"},\"primaryImageOfPage\":{\"@id\":\"https:\/\/riphome.com.ar\/index.php\/quienes-somos\/#primaryimage\"},\"image\":{\"@id\":\"https:\/\/riphome.com.ar\/index.php\/quienes-somos\/#primaryimage\"},\"thumbnailUrl\":\"https:\/\/riphome.com.ar\/wp-content\/uploads\/2025\/08\/foto1-1024x683.jpeg\",\"datePublished\":\"2025-09-05T00:43:36+00:00\",\"dateModified\":\"2025-09-07T23:44:59+00:00\",\"breadcrumb\":{\"@id\":\"https:\/\/riphome.com.ar\/index.php\/quienes-somos\/#breadcrumb\"},\"inLanguage\":\"es\",\"potentialAction\":[{\"@type\":\"ReadAction\",\"target\":[\"https:\/\/riphome.com.ar\/index.php\/quienes-somos\/\"]}]},{\"@type\":\"ImageObject\",\"inLanguage\":\"es\",\"@id\":\"https:\/\/riphome.com.ar\/index.php\/quienes-somos\/#primaryimage\",\"url\":\"https:\/\/riphome.com.ar\/wp-content\/uploads\/2025\/08\/foto1.jpeg\",\"contentUrl\":\"https:\/\/riphome.com.ar\/wp-content\/uploads\/2025\/08\/foto1.jpeg\",\"width\":1280,\"height\":854},{\"@type\":\"BreadcrumbList\",\"@id\":\"https:\/\/riphome.com.ar\/index.php\/quienes-somos\/#breadcrumb\",\"itemListElement\":[{\"@type\":\"ListItem\",\"position\":1,\"name\":\"Portada\",\"item\":\"https:\/\/riphome.com.ar\/\"},{\"@type\":\"ListItem\",\"position\":2,\"name\":\"Empresa\"}]},{\"@type\":\"WebSite\",\"@id\":\"https:\/\/riphome.com.ar\/#website\",\"url\":\"https:\/\/riphome.com.ar\/\",\"name\":\"Tecnolog\u00eda RIP\",\"description\":\"Steel framing\",\"potentialAction\":[{\"@type\":\"SearchAction\",\"target\":{\"@type\":\"EntryPoint\",\"urlTemplate\":\"https:\/\/riphome.com.ar\/?s={search_term_string}\"},\"query-input\":{\"@type\":\"PropertyValueSpecification\",\"valueRequired\":true,\"valueName\":\"search_term_string\"}}],\"inLanguage\":\"es\"}]}<\/script>\n<!-- \/ Yoast SEO plugin. -->","yoast_head_json":{"title":"Empresa - Tecnolog\u00eda RIP","robots":{"index":"index","follow":"follow","max-snippet":"max-snippet:-1","max-image-preview":"max-image-preview:large","max-video-preview":"max-video-preview:-1"},"canonical":"https:\/\/riphome.com.ar\/index.php\/quienes-somos\/","og_locale":"es_ES","og_type":"article","og_title":"Empresa - Tecnolog\u00eda RIP","og_description":"RIP HOMES: Respeta, Inspira, Protege. En un mundo que exige nuevas formas de habitar, nace una propuesta que combina tecnolog\u00eda, dise\u00f1o y conciencia ambiental. En nuestra empresa creemos que construir no es solo levantar paredes, sino generar espacios que respeten el entorno, inspiren una vida mejor y protejan el futuro. Nos dedicamos a desarrollar y &hellip; Leer m\u00e1s \u00abEmpresa\u00bb","og_url":"https:\/\/riphome.com.ar\/index.php\/quienes-somos\/","og_site_name":"Tecnolog\u00eda RIP","article_modified_time":"2025-09-07T23:44:59+00:00","og_image":[{"width":1280,"height":854,"url":"https:\/\/riphome.com.ar\/wp-content\/uploads\/2025\/08\/foto1.jpeg","type":"image\/jpeg"}],"twitter_card":"summary_large_image","twitter_misc":{"Tiempo de lectura":"4 minutos"},"schema":{"@context":"https:\/\/schema.org","@graph":[{"@type":"WebPage","@id":"https:\/\/riphome.com.ar\/index.php\/quienes-somos\/","url":"https:\/\/riphome.com.ar\/index.php\/quienes-somos\/","name":"Empresa - Tecnolog\u00eda RIP","isPartOf":{"@id":"https:\/\/riphome.com.ar\/#website"},"primaryImageOfPage":{"@id":"https:\/\/riphome.com.ar\/index.php\/quienes-somos\/#primaryimage"},"image":{"@id":"https:\/\/riphome.com.ar\/index.php\/quienes-somos\/#primaryimage"},"thumbnailUrl":"https:\/\/riphome.com.ar\/wp-content\/uploads\/2025\/08\/foto1-1024x683.jpeg","datePublished":"2025-09-05T00:43:36+00:00","dateModified":"2025-09-07T23:44:59+00:00","breadcrumb":{"@id":"https:\/\/riphome.com.ar\/index.php\/quienes-somos\/#breadcrumb"},"inLanguage":"es","potentialAction":[{"@type":"ReadAction","target":["https:\/\/riphome.com.ar\/index.php\/quienes-somos\/"]}]},{"@type":"ImageObject","inLanguage":"es","@id":"https:\/\/riphome.com.ar\/index.php\/quienes-somos\/#primaryimage","url":"https:\/\/riphome.com.ar\/wp-content\/uploads\/2025\/08\/foto1.jpeg","contentUrl":"https:\/\/riphome.com.ar\/wp-content\/uploads\/2025\/08\/foto1.jpeg","width":1280,"height":854},{"@type":"BreadcrumbList","@id":"https:\/\/riphome.com.ar\/index.php\/quienes-somos\/#breadcrumb","itemListElement":[{"@type":"ListItem","position":1,"name":"Portada","item":"https:\/\/riphome.com.ar\/"},{"@type":"ListItem","position":2,"name":"Empresa"}]},{"@type":"WebSite","@id":"https:\/\/riphome.com.ar\/#website","url":"https:\/\/riphome.com.ar\/","name":"Tecnolog\u00eda RIP","description":"Steel framing","potentialAction":[{"@type":"SearchAction","target":{"@type":"EntryPoint","urlTemplate":"https:\/\/riphome.com.ar\/?s={search_term_string}"},"query-input":{"@type":"PropertyValueSpecification","valueRequired":true,"valueName":"search_term_string"}}],"inLanguage":"es"}]}},"_links":{"self":[{"href":"https:\/\/riphome.com.ar\/index.php\/wp-json\/wp\/v2\/pages\/334","targetHints":{"allow":["GET"]}}],"collection":[{"href":"https:\/\/riphome.com.ar\/index.php\/wp-json\/wp\/v2\/pages"}],"about":[{"href":"https:\/\/riphome.com.ar\/index.php\/wp-json\/wp\/v2\/types\/page"}],"author":[{"embeddable":true,"href":"https:\/\/riphome.com.ar\/index.php\/wp-json\/wp\/v2\/users\/2"}],"replies":[{"embeddable":true,"href":"https:\/\/riphome.com.ar\/index.php\/wp-json\/wp\/v2\/comments?post=334"}],"version-history":[{"count":6,"href":"https:\/\/riphome.com.ar\/index.php\/wp-json\/wp\/v2\/pages\/334\/revisions"}],"predecessor-version":[{"id":492,"href":"https:\/\/riphome.com.ar\/index.php\/wp-json\/wp\/v2\/pages\/334\/revisions\/492"}],"wp:attachment":[{"href":"https:\/\/riphome.com.ar\/index.php\/wp-json\/wp\/v2\/media?parent=334"}],"curies":[{"name":"wp","href":"https:\/\/api.w.org\/{rel}","templated":true}]}}