{"id":328,"date":"2025-09-05T00:39:20","date_gmt":"2025-09-05T00:39:20","guid":{"rendered":"https:\/\/riphome.com.ar\/?page_id=328"},"modified":"2025-09-08T14:27:43","modified_gmt":"2025-09-08T14:27:43","slug":"casas-a-medida","status":"publish","type":"page","link":"https:\/\/riphome.com.ar\/index.php\/casas-a-medida\/","title":{"rendered":"Casas a medida"},"content":{"rendered":"\n<p><\/p>\n\n\n\n<div class=\"wp-block-columns has-white-color has-tertiary-background-color has-text-color has-background has-link-color wp-elements-aa2dfbf331644c0a2375d8629389ac83 is-layout-flex wp-container-core-columns-is-layout-28f84493 wp-block-columns-is-layout-flex\">\n<div class=\"wp-block-column is-layout-flow wp-block-column-is-layout-flow\" style=\"flex-basis:25%\">\n<div style=\"height:100px\" aria-hidden=\"true\" class=\"wp-block-spacer\"><\/div>\n<\/div>\n\n\n\n<div class=\"wp-block-column is-layout-flow wp-block-column-is-layout-flow\" style=\"flex-basis:50%\">\n<p class=\"has-large-font-size\"><strong>Construimos viviendas industrializadas 100% personalizadas<\/strong><\/p>\n<\/div>\n\n\n\n<div class=\"wp-block-column is-layout-flow wp-block-column-is-layout-flow\" style=\"flex-basis:25%\">\n<div style=\"height:100px\" aria-hidden=\"true\" class=\"wp-block-spacer\"><\/div>\n<\/div>\n<\/div>\n\n\n\n<div style=\"height:57px\" aria-hidden=\"true\" class=\"wp-block-spacer\"><\/div>\n\n\n\n<div class=\"wp-block-columns is-layout-flex wp-container-core-columns-is-layout-28f84493 wp-block-columns-is-layout-flex\">\n<div class=\"wp-block-column is-layout-flow wp-block-column-is-layout-flow\">\n<p>OPTIMIZA TU PROYECTO Y TU PRESUPUESTO<\/p>\n\n\n\n<p class=\"has-large-font-size\">Construye solo lo que tu hogar necesita<\/p>\n\n\n\n<p class=\"has-medium-font-size\">Te asesoramos para que tomes decisiones acordes a tus necesidades reales, optimizando cada aspecto del proyecto para que tu inversi\u00f3n sea lo m\u00e1s rentable y coherente posible.<\/p>\n\n\n\n<p style=\"font-size:clamp(14.642px, 0.915rem + ((1vw - 3.2px) * 0.651), 22px);\">RECIBE TU HOGAR EN 3 MESES<\/p>\n\n\n\n<p class=\"has-medium-font-size\">La rapidez no es una promesa, es lo que nos permite un sistema industrializado perfeccionado durante a\u00f1os. En solo 12 semanas, tras la obtenci\u00f3n de la licencia, tendras una vivienda a medida, eficiente y lista para vivir.<\/p>\n\n\n\n<div class=\"wp-block-buttons is-layout-flex wp-block-buttons-is-layout-flex\">\n<div class=\"wp-block-button is-style-fill\"><a class=\"wp-block-button__link has-tertiary-background-color has-background wp-element-button\">Quiero empezar mi proyecto<\/a><\/div>\n<\/div>\n<\/div>\n\n\n\n<div class=\"wp-block-column is-layout-flow wp-block-column-is-layout-flow\">\n<figure class=\"wp-block-image size-full\"><img loading=\"lazy\" decoding=\"async\" width=\"1024\" height=\"1024\" src=\"https:\/\/riphome.com.ar\/wp-content\/uploads\/2025\/09\/IMAGINE011.png\" alt=\"\" class=\"wp-image-461\" srcset=\"https:\/\/riphome.com.ar\/wp-content\/uploads\/2025\/09\/IMAGINE011.png 1024w, https:\/\/riphome.com.ar\/wp-content\/uploads\/2025\/09\/IMAGINE011-300x300.png 300w, https:\/\/riphome.com.ar\/wp-content\/uploads\/2025\/09\/IMAGINE011-150x150.png 150w\" sizes=\"auto, (max-width: 1024px) 100vw, 1024px\" \/><\/figure>\n<\/div>\n<\/div>\n\n\n\n<p class=\"has-medium-font-size\"><\/p>\n\n\n\n<div class=\"wp-block-cover\"><img loading=\"lazy\" decoding=\"async\" width=\"1024\" height=\"683\" class=\"wp-block-cover__image-background wp-image-474\" alt=\"\" src=\"https:\/\/riphome.com.ar\/wp-content\/uploads\/2025\/09\/imagen-00123jpg-1024x683.webp\" data-object-fit=\"cover\" srcset=\"https:\/\/riphome.com.ar\/wp-content\/uploads\/2025\/09\/imagen-00123jpg-1024x683.webp 1024w, https:\/\/riphome.com.ar\/wp-content\/uploads\/2025\/09\/imagen-00123jpg-300x200.webp 300w, https:\/\/riphome.com.ar\/wp-content\/uploads\/2025\/09\/imagen-00123jpg.webp 1920w\" sizes=\"auto, (max-width: 1024px) 100vw, 1024px\" \/><span aria-hidden=\"true\" class=\"wp-block-cover__background has-background-dim\"><\/span><div class=\"wp-block-cover__inner-container is-layout-flow wp-block-cover-is-layout-flow\">\n<p class=\"has-text-align-center has-small-font-size\">CON LA TRANQUILIDAD Y GARANT\u00cdAS QUE NECESITAS<\/p>\n\n\n\n<p class=\"has-text-align-center has-large-font-size\"><strong>Entregamos edificaciones de calidad, eficientes y sostenibles<\/strong><\/p>\n<\/div><\/div>\n\n\n\n<div style=\"height:47px\" aria-hidden=\"true\" class=\"wp-block-spacer\"><\/div>\n\n\n\n<p class=\"has-text-align-center has-medium-font-size\"><strong>\u00bfC\u00f3mo materializamos tu proyecto?<\/strong><\/p>\n\n\n\n<div class=\"wp-block-columns has-small-font-size is-layout-flex wp-container-core-columns-is-layout-28f84493 wp-block-columns-is-layout-flex\">\n<div class=\"wp-block-column is-layout-flow wp-block-column-is-layout-flow\">\n<p><strong>01. ANALIZAMOS TUS PRIORIDADES Y LAS POSIBILIDADES<\/strong><\/p>\n<\/div>\n\n\n\n<div class=\"wp-block-column is-layout-flow wp-block-column-is-layout-flow\">\n<p><strong>02. DISE\u00d1AMOS CONTIGO EL ANTEPROYECTO<\/strong><\/p>\n<\/div>\n\n\n\n<div class=\"wp-block-column is-layout-flow wp-block-column-is-layout-flow\">\n<p><strong>03. TE RECOMENDAMOS UN ARQUITECTO LOCAL<\/strong><\/p>\n<\/div>\n\n\n\n<div class=\"wp-block-column is-layout-flow wp-block-column-is-layout-flow\">\n<p><strong>04. ACOMPA\u00d1AMOS TODO EL PROYECTO B\u00c1SICO Y DE EJECUCI\u00d3N<\/strong><\/p>\n<\/div>\n\n\n\n<div class=\"wp-block-column is-layout-flow wp-block-column-is-layout-flow\">\n<p><strong>05. CONSTRUIMOS TU VIVIENDA EN F\u00c1BRICA<\/strong><\/p>\n\n\n\n<p><\/p>\n<\/div>\n<\/div>\n\n\n\n<div class=\"wp-block-columns has-small-font-size is-layout-flex wp-container-core-columns-is-layout-28f84493 wp-block-columns-is-layout-flex\">\n<div class=\"wp-block-column is-layout-flow wp-block-column-is-layout-flow\">\n<p><strong>06. TRANSPORTAMOS Y MONTAMOS EL EDIFICIO<\/strong><\/p>\n<\/div>\n\n\n\n<div class=\"wp-block-column is-layout-flow wp-block-column-is-layout-flow\">\n<p><strong>07. TE ENTREGAMOS LAS LLAVES<\/strong><\/p>\n<\/div>\n\n\n\n<div class=\"wp-block-column is-layout-flow wp-block-column-is-layout-flow\">\n<div style=\"height:100px\" aria-hidden=\"true\" class=\"wp-block-spacer\"><\/div>\n<\/div>\n\n\n\n<div class=\"wp-block-column is-layout-flow wp-block-column-is-layout-flow\">\n<div style=\"height:100px\" aria-hidden=\"true\" class=\"wp-block-spacer\"><\/div>\n<\/div>\n\n\n\n<div class=\"wp-block-column is-layout-flow wp-block-column-is-layout-flow\">\n<div style=\"height:100px\" aria-hidden=\"true\" class=\"wp-block-spacer\"><\/div>\n<\/div>\n<\/div>\n\n\n\n<div style=\"height:67px\" aria-hidden=\"true\" class=\"wp-block-spacer\"><\/div>\n\n\n\n<p><\/p>\n","protected":false},"excerpt":{"rendered":"<p>Construimos viviendas industrializadas 100% personalizadas OPTIMIZA TU PROYECTO Y TU PRESUPUESTO Construye solo lo que tu hogar necesita Te asesoramos para que tomes decisiones acordes a tus necesidades reales, optimizando cada aspecto del proyecto para que tu inversi\u00f3n sea lo m\u00e1s rentable y coherente posible. RECIBE TU HOGAR EN 3 MESES La rapidez no es &hellip; <\/p>\n<p class=\"link-more\"><a href=\"https:\/\/riphome.com.ar\/index.php\/casas-a-medida\/\" class=\"more-link\">Leer m\u00e1s<span class=\"screen-reader-text\"> \u00abCasas a medida\u00bb<\/span><\/a><\/p>\n","protected":false},"author":2,"featured_media":0,"parent":0,"menu_order":0,"comment_status":"closed","ping_status":"closed","template":"page-templates\/full-width-builder-bb.php","meta":{"footnotes":""},"class_list":["post-328","page","type-page","status-publish","hentry"],"yoast_head":"<!-- This site is optimized with the Yoast SEO plugin v25.8 - https:\/\/yoast.com\/wordpress\/plugins\/seo\/ -->\n<title>Casas a medida - Tecnolog\u00eda RIP<\/title>\n<meta name=\"robots\" content=\"index, follow, max-snippet:-1, max-image-preview:large, max-video-preview:-1\" \/>\n<link rel=\"canonical\" href=\"https:\/\/riphome.com.ar\/index.php\/casas-a-medida\/\" \/>\n<meta property=\"og:locale\" content=\"es_ES\" \/>\n<meta property=\"og:type\" content=\"article\" \/>\n<meta property=\"og:title\" content=\"Casas a medida - Tecnolog\u00eda RIP\" \/>\n<meta property=\"og:description\" content=\"Construimos viviendas industrializadas 100% personalizadas OPTIMIZA TU PROYECTO Y TU PRESUPUESTO Construye solo lo que tu hogar necesita Te asesoramos para que tomes decisiones acordes a tus necesidades reales, optimizando cada aspecto del proyecto para que tu inversi\u00f3n sea lo m\u00e1s rentable y coherente posible. RECIBE TU HOGAR EN 3 MESES La rapidez no es &hellip; Leer m\u00e1s \u00abCasas a medida\u00bb\" \/>\n<meta property=\"og:url\" content=\"https:\/\/riphome.com.ar\/index.php\/casas-a-medida\/\" \/>\n<meta property=\"og:site_name\" content=\"Tecnolog\u00eda RIP\" \/>\n<meta property=\"article:modified_time\" content=\"2025-09-08T14:27:43+00:00\" \/>\n<meta property=\"og:image\" content=\"https:\/\/riphome.com.ar\/wp-content\/uploads\/2025\/09\/IMAGINE011.png\" \/>\n\t<meta property=\"og:image:width\" content=\"1024\" \/>\n\t<meta property=\"og:image:height\" content=\"1024\" \/>\n\t<meta property=\"og:image:type\" content=\"image\/png\" \/>\n<meta name=\"twitter:card\" content=\"summary_large_image\" \/>\n<meta name=\"twitter:label1\" content=\"Tiempo de lectura\" \/>\n\t<meta name=\"twitter:data1\" content=\"2 minutos\" \/>\n<script type=\"application\/ld+json\" class=\"yoast-schema-graph\">{\"@context\":\"https:\/\/schema.org\",\"@graph\":[{\"@type\":\"WebPage\",\"@id\":\"https:\/\/riphome.com.ar\/index.php\/casas-a-medida\/\",\"url\":\"https:\/\/riphome.com.ar\/index.php\/casas-a-medida\/\",\"name\":\"Casas a medida - Tecnolog\u00eda RIP\",\"isPartOf\":{\"@id\":\"https:\/\/riphome.com.ar\/#website\"},\"primaryImageOfPage\":{\"@id\":\"https:\/\/riphome.com.ar\/index.php\/casas-a-medida\/#primaryimage\"},\"image\":{\"@id\":\"https:\/\/riphome.com.ar\/index.php\/casas-a-medida\/#primaryimage\"},\"thumbnailUrl\":\"https:\/\/riphome.com.ar\/wp-content\/uploads\/2025\/09\/IMAGINE011.png\",\"datePublished\":\"2025-09-05T00:39:20+00:00\",\"dateModified\":\"2025-09-08T14:27:43+00:00\",\"breadcrumb\":{\"@id\":\"https:\/\/riphome.com.ar\/index.php\/casas-a-medida\/#breadcrumb\"},\"inLanguage\":\"es\",\"potentialAction\":[{\"@type\":\"ReadAction\",\"target\":[\"https:\/\/riphome.com.ar\/index.php\/casas-a-medida\/\"]}]},{\"@type\":\"ImageObject\",\"inLanguage\":\"es\",\"@id\":\"https:\/\/riphome.com.ar\/index.php\/casas-a-medida\/#primaryimage\",\"url\":\"https:\/\/riphome.com.ar\/wp-content\/uploads\/2025\/09\/IMAGINE011.png\",\"contentUrl\":\"https:\/\/riphome.com.ar\/wp-content\/uploads\/2025\/09\/IMAGINE011.png\",\"width\":1024,\"height\":1024},{\"@type\":\"BreadcrumbList\",\"@id\":\"https:\/\/riphome.com.ar\/index.php\/casas-a-medida\/#breadcrumb\",\"itemListElement\":[{\"@type\":\"ListItem\",\"position\":1,\"name\":\"Portada\",\"item\":\"https:\/\/riphome.com.ar\/\"},{\"@type\":\"ListItem\",\"position\":2,\"name\":\"Casas a medida\"}]},{\"@type\":\"WebSite\",\"@id\":\"https:\/\/riphome.com.ar\/#website\",\"url\":\"https:\/\/riphome.com.ar\/\",\"name\":\"Tecnolog\u00eda RIP\",\"description\":\"Steel framing\",\"potentialAction\":[{\"@type\":\"SearchAction\",\"target\":{\"@type\":\"EntryPoint\",\"urlTemplate\":\"https:\/\/riphome.com.ar\/?s={search_term_string}\"},\"query-input\":{\"@type\":\"PropertyValueSpecification\",\"valueRequired\":true,\"valueName\":\"search_term_string\"}}],\"inLanguage\":\"es\"}]}<\/script>\n<!-- \/ Yoast SEO plugin. -->","yoast_head_json":{"title":"Casas a medida - Tecnolog\u00eda RIP","robots":{"index":"index","follow":"follow","max-snippet":"max-snippet:-1","max-image-preview":"max-image-preview:large","max-video-preview":"max-video-preview:-1"},"canonical":"https:\/\/riphome.com.ar\/index.php\/casas-a-medida\/","og_locale":"es_ES","og_type":"article","og_title":"Casas a medida - Tecnolog\u00eda RIP","og_description":"Construimos viviendas industrializadas 100% personalizadas OPTIMIZA TU PROYECTO Y TU PRESUPUESTO Construye solo lo que tu hogar necesita Te asesoramos para que tomes decisiones acordes a tus necesidades reales, optimizando cada aspecto del proyecto para que tu inversi\u00f3n sea lo m\u00e1s rentable y coherente posible. RECIBE TU HOGAR EN 3 MESES La rapidez no es &hellip; Leer m\u00e1s \u00abCasas a medida\u00bb","og_url":"https:\/\/riphome.com.ar\/index.php\/casas-a-medida\/","og_site_name":"Tecnolog\u00eda RIP","article_modified_time":"2025-09-08T14:27:43+00:00","og_image":[{"width":1024,"height":1024,"url":"https:\/\/riphome.com.ar\/wp-content\/uploads\/2025\/09\/IMAGINE011.png","type":"image\/png"}],"twitter_card":"summary_large_image","twitter_misc":{"Tiempo de lectura":"2 minutos"},"schema":{"@context":"https:\/\/schema.org","@graph":[{"@type":"WebPage","@id":"https:\/\/riphome.com.ar\/index.php\/casas-a-medida\/","url":"https:\/\/riphome.com.ar\/index.php\/casas-a-medida\/","name":"Casas a medida - Tecnolog\u00eda RIP","isPartOf":{"@id":"https:\/\/riphome.com.ar\/#website"},"primaryImageOfPage":{"@id":"https:\/\/riphome.com.ar\/index.php\/casas-a-medida\/#primaryimage"},"image":{"@id":"https:\/\/riphome.com.ar\/index.php\/casas-a-medida\/#primaryimage"},"thumbnailUrl":"https:\/\/riphome.com.ar\/wp-content\/uploads\/2025\/09\/IMAGINE011.png","datePublished":"2025-09-05T00:39:20+00:00","dateModified":"2025-09-08T14:27:43+00:00","breadcrumb":{"@id":"https:\/\/riphome.com.ar\/index.php\/casas-a-medida\/#breadcrumb"},"inLanguage":"es","potentialAction":[{"@type":"ReadAction","target":["https:\/\/riphome.com.ar\/index.php\/casas-a-medida\/"]}]},{"@type":"ImageObject","inLanguage":"es","@id":"https:\/\/riphome.com.ar\/index.php\/casas-a-medida\/#primaryimage","url":"https:\/\/riphome.com.ar\/wp-content\/uploads\/2025\/09\/IMAGINE011.png","contentUrl":"https:\/\/riphome.com.ar\/wp-content\/uploads\/2025\/09\/IMAGINE011.png","width":1024,"height":1024},{"@type":"BreadcrumbList","@id":"https:\/\/riphome.com.ar\/index.php\/casas-a-medida\/#breadcrumb","itemListElement":[{"@type":"ListItem","position":1,"name":"Portada","item":"https:\/\/riphome.com.ar\/"},{"@type":"ListItem","position":2,"name":"Casas a medida"}]},{"@type":"WebSite","@id":"https:\/\/riphome.com.ar\/#website","url":"https:\/\/riphome.com.ar\/","name":"Tecnolog\u00eda RIP","description":"Steel framing","potentialAction":[{"@type":"SearchAction","target":{"@type":"EntryPoint","urlTemplate":"https:\/\/riphome.com.ar\/?s={search_term_string}"},"query-input":{"@type":"PropertyValueSpecification","valueRequired":true,"valueName":"search_term_string"}}],"inLanguage":"es"}]}},"_links":{"self":[{"href":"https:\/\/riphome.com.ar\/index.php\/wp-json\/wp\/v2\/pages\/328","targetHints":{"allow":["GET"]}}],"collection":[{"href":"https:\/\/riphome.com.ar\/index.php\/wp-json\/wp\/v2\/pages"}],"about":[{"href":"https:\/\/riphome.com.ar\/index.php\/wp-json\/wp\/v2\/types\/page"}],"author":[{"embeddable":true,"href":"https:\/\/riphome.com.ar\/index.php\/wp-json\/wp\/v2\/users\/2"}],"replies":[{"embeddable":true,"href":"https:\/\/riphome.com.ar\/index.php\/wp-json\/wp\/v2\/comments?post=328"}],"version-history":[{"count":25,"href":"https:\/\/riphome.com.ar\/index.php\/wp-json\/wp\/v2\/pages\/328\/revisions"}],"predecessor-version":[{"id":509,"href":"https:\/\/riphome.com.ar\/index.php\/wp-json\/wp\/v2\/pages\/328\/revisions\/509"}],"wp:attachment":[{"href":"https:\/\/riphome.com.ar\/index.php\/wp-json\/wp\/v2\/media?parent=328"}],"curies":[{"name":"wp","href":"https:\/\/api.w.org\/{rel}","templated":true}]}}